{"id":1576,"date":"2018-10-06T01:19:19","date_gmt":"2018-10-05T23:19:19","guid":{"rendered":"https:\/\/www.myrthawellness.com\/cookie-policy\/"},"modified":"2023-11-08T12:24:48","modified_gmt":"2023-11-08T11:24:48","slug":"cookie-policy","status":"publish","type":"page","link":"https:\/\/www.myrthawellness.com\/en\/cookie-policy\/","title":{"rendered":"Cookie policy"},"content":{"rendered":"<h2>Cos\u2019\u00e8 Lorem Ipsum?<\/h2>\n<p>Lorem Ipsum \u00e8 un testo segnaposto utilizzato nel settore della tipografia e della stampa. Lorem Ipsum \u00e8 considerato il testo segnaposto standard sin dal sedicesimo secolo, quando un anonimo tipografo prese una cassetta di caratteri e li assembl\u00f2 per preparare un testo campione. \u00c8 sopravvissuto non solo a pi\u00f9 di cinque secoli, ma anche al passaggio alla videoimpaginazione, pervenendoci sostanzialmente inalterato. Fu reso popolare, negli anni \u201960, con la diffusione dei fogli di caratteri trasferibili \u201cLetraset\u201d, che contenevano passaggi del Lorem Ipsum, e pi\u00f9 recentemente da software di impaginazione come Aldus PageMaker, che includeva versioni del Lorem Ipsum.<\/p>\n<p>Perch\u00e8 lo utilizziamo?<br \/>\n\u00c8 universalmente riconosciuto che un lettore che osserva il layout di una pagina viene distratto dal contenuto testuale se questo \u00e8 leggibile. Lo scopo dell\u2019utilizzo del Lorem Ipsum \u00e8 che offre una normale distribuzione delle lettere (al contrario di quanto avviene se si utilizzano brevi frasi ripetute, ad esempio \u201ctesto qui\u201d), apparendo come un normale blocco di testo leggibile. Molti software di impaginazione e di web design utilizzano Lorem Ipsum come testo modello. Molte versioni del testo sono state prodotte negli anni, a volte casualmente, a volte di proposito (ad esempio inserendo passaggi ironici).<\/p>\n","protected":false},"excerpt":{"rendered":"<p>Cos\u2019\u00e8 Lorem Ipsum? Lorem Ipsum \u00e8 un testo segnaposto utilizzato nel settore della tipografia e della stampa. Lorem Ipsum \u00e8 considerato il testo segnaposto standard sin dal sedicesimo secolo, quando un anonimo tipografo prese una cassetta di caratteri e li assembl\u00f2 per preparare un testo campione. \u00c8 sopravvissuto non solo a pi\u00f9 di cinque secoli, [&hellip;]<\/p>\n","protected":false},"author":1,"featured_media":0,"parent":0,"menu_order":107,"comment_status":"closed","ping_status":"closed","template":"pages\/cookie.php","meta":[],"acf":[],"yoast_head":"<!-- This site is optimized with the Yoast SEO plugin v18.9 - https:\/\/yoast.com\/wordpress\/plugins\/seo\/ -->\n<title>Cookie policy - Myrtha Wellness<\/title>\n<meta name=\"robots\" content=\"index, follow, max-snippet:-1, max-image-preview:large, max-video-preview:-1\" \/>\n<link rel=\"canonical\" href=\"https:\/\/www.myrthawellness.com\/en\/cookie-policy\/\" \/>\n<meta property=\"og:locale\" content=\"en_US\" \/>\n<meta property=\"og:type\" content=\"article\" \/>\n<meta property=\"og:title\" content=\"Cookie policy - Myrtha Wellness\" \/>\n<meta property=\"og:description\" content=\"Cos\u2019\u00e8 Lorem Ipsum? Lorem Ipsum \u00e8 un testo segnaposto utilizzato nel settore della tipografia e della stampa. Lorem Ipsum \u00e8 considerato il testo segnaposto standard sin dal sedicesimo secolo, quando un anonimo tipografo prese una cassetta di caratteri e li assembl\u00f2 per preparare un testo campione. \u00c8 sopravvissuto non solo a pi\u00f9 di cinque secoli, [&hellip;]\" \/>\n<meta property=\"og:url\" content=\"https:\/\/www.myrthawellness.com\/en\/cookie-policy\/\" \/>\n<meta property=\"og:site_name\" content=\"Myrtha Wellness\" \/>\n<meta property=\"article:modified_time\" content=\"2023-11-08T11:24:48+00:00\" \/>\n<meta name=\"twitter:card\" content=\"summary_large_image\" \/>\n<meta name=\"twitter:label1\" content=\"Est. reading time\" \/>\n\t<meta name=\"twitter:data1\" content=\"1 minute\" \/>\n<script type=\"application\/ld+json\" class=\"yoast-schema-graph\">{\"@context\":\"https:\/\/schema.org\",\"@graph\":[{\"@type\":\"WebSite\",\"@id\":\"https:\/\/www.myrthawellness.com\/en\/#website\",\"url\":\"https:\/\/www.myrthawellness.com\/en\/\",\"name\":\"Myrtha Wellness\",\"description\":\"Designs and Builds Wellness Centre and SPA\",\"potentialAction\":[{\"@type\":\"SearchAction\",\"target\":{\"@type\":\"EntryPoint\",\"urlTemplate\":\"https:\/\/www.myrthawellness.com\/en\/?s={search_term_string}\"},\"query-input\":\"required name=search_term_string\"}],\"inLanguage\":\"en-US\"},{\"@type\":\"WebPage\",\"@id\":\"https:\/\/www.myrthawellness.com\/en\/cookie-policy\/#webpage\",\"url\":\"https:\/\/www.myrthawellness.com\/en\/cookie-policy\/\",\"name\":\"Cookie policy - Myrtha Wellness\",\"isPartOf\":{\"@id\":\"https:\/\/www.myrthawellness.com\/en\/#website\"},\"datePublished\":\"2018-10-05T23:19:19+00:00\",\"dateModified\":\"2023-11-08T11:24:48+00:00\",\"breadcrumb\":{\"@id\":\"https:\/\/www.myrthawellness.com\/en\/cookie-policy\/#breadcrumb\"},\"inLanguage\":\"en-US\",\"potentialAction\":[{\"@type\":\"ReadAction\",\"target\":[\"https:\/\/www.myrthawellness.com\/en\/cookie-policy\/\"]}]},{\"@type\":\"BreadcrumbList\",\"@id\":\"https:\/\/www.myrthawellness.com\/en\/cookie-policy\/#breadcrumb\",\"itemListElement\":[{\"@type\":\"ListItem\",\"position\":1,\"name\":\"Cookie policy\"}]}]}<\/script>\n<!-- \/ Yoast SEO plugin. -->","yoast_head_json":{"title":"Cookie policy - Myrtha Wellness","robots":{"index":"index","follow":"follow","max-snippet":"max-snippet:-1","max-image-preview":"max-image-preview:large","max-video-preview":"max-video-preview:-1"},"canonical":"https:\/\/www.myrthawellness.com\/en\/cookie-policy\/","og_locale":"en_US","og_type":"article","og_title":"Cookie policy - Myrtha Wellness","og_description":"Cos\u2019\u00e8 Lorem Ipsum? Lorem Ipsum \u00e8 un testo segnaposto utilizzato nel settore della tipografia e della stampa. Lorem Ipsum \u00e8 considerato il testo segnaposto standard sin dal sedicesimo secolo, quando un anonimo tipografo prese una cassetta di caratteri e li assembl\u00f2 per preparare un testo campione. \u00c8 sopravvissuto non solo a pi\u00f9 di cinque secoli, [&hellip;]","og_url":"https:\/\/www.myrthawellness.com\/en\/cookie-policy\/","og_site_name":"Myrtha Wellness","article_modified_time":"2023-11-08T11:24:48+00:00","twitter_card":"summary_large_image","twitter_misc":{"Est. reading time":"1 minute"},"schema":{"@context":"https:\/\/schema.org","@graph":[{"@type":"WebSite","@id":"https:\/\/www.myrthawellness.com\/en\/#website","url":"https:\/\/www.myrthawellness.com\/en\/","name":"Myrtha Wellness","description":"Designs and Builds Wellness Centre and SPA","potentialAction":[{"@type":"SearchAction","target":{"@type":"EntryPoint","urlTemplate":"https:\/\/www.myrthawellness.com\/en\/?s={search_term_string}"},"query-input":"required name=search_term_string"}],"inLanguage":"en-US"},{"@type":"WebPage","@id":"https:\/\/www.myrthawellness.com\/en\/cookie-policy\/#webpage","url":"https:\/\/www.myrthawellness.com\/en\/cookie-policy\/","name":"Cookie policy - Myrtha Wellness","isPartOf":{"@id":"https:\/\/www.myrthawellness.com\/en\/#website"},"datePublished":"2018-10-05T23:19:19+00:00","dateModified":"2023-11-08T11:24:48+00:00","breadcrumb":{"@id":"https:\/\/www.myrthawellness.com\/en\/cookie-policy\/#breadcrumb"},"inLanguage":"en-US","potentialAction":[{"@type":"ReadAction","target":["https:\/\/www.myrthawellness.com\/en\/cookie-policy\/"]}]},{"@type":"BreadcrumbList","@id":"https:\/\/www.myrthawellness.com\/en\/cookie-policy\/#breadcrumb","itemListElement":[{"@type":"ListItem","position":1,"name":"Cookie policy"}]}]}},"_links":{"self":[{"href":"https:\/\/www.myrthawellness.com\/en\/wp-json\/wp\/v2\/pages\/1576"}],"collection":[{"href":"https:\/\/www.myrthawellness.com\/en\/wp-json\/wp\/v2\/pages"}],"about":[{"href":"https:\/\/www.myrthawellness.com\/en\/wp-json\/wp\/v2\/types\/page"}],"author":[{"embeddable":true,"href":"https:\/\/www.myrthawellness.com\/en\/wp-json\/wp\/v2\/users\/1"}],"replies":[{"embeddable":true,"href":"https:\/\/www.myrthawellness.com\/en\/wp-json\/wp\/v2\/comments?post=1576"}],"version-history":[{"count":2,"href":"https:\/\/www.myrthawellness.com\/en\/wp-json\/wp\/v2\/pages\/1576\/revisions"}],"predecessor-version":[{"id":6647,"href":"https:\/\/www.myrthawellness.com\/en\/wp-json\/wp\/v2\/pages\/1576\/revisions\/6647"}],"wp:attachment":[{"href":"https:\/\/www.myrthawellness.com\/en\/wp-json\/wp\/v2\/media?parent=1576"}],"curies":[{"name":"wp","href":"https:\/\/api.w.org\/{rel}","templated":true}]}}